{"id":10764,"date":"2023-07-19T20:24:28","date_gmt":"2023-07-19T17:24:28","guid":{"rendered":"https:\/\/pautac.fi\/?post_type=product&#038;p=10764"},"modified":"2025-12-08T18:08:17","modified_gmt":"2025-12-08T16:08:17","slug":"huolto","status":"publish","type":"product","link":"https:\/\/pautac.fi\/en\/product\/huolto\/","title":{"rendered":"Huolto &#038; typpit\u00e4ytt\u00f6"},"content":{"rendered":"<h5><span style=\"color: #000000;\">Perushintaan sis\u00e4ltyy:<\/span><\/h5>\n<ul>\n<li><span style=\"color: #000000;\">Laitteen tiiveyden tarkastus ja testaus.<\/span><\/li>\n<li><span style=\"color: #000000;\">Laitteen huuhteleminen ja t\u00e4ytt\u00f6 typpikaasulla.<\/span><\/li>\n<li><span style=\"color: #000000;\">T\u00e4ytt\u00f6venttiilin O-renkaan tarkastus ja tarvittaessa uusiminen.<\/span><\/li>\n<li><span style=\"color: #000000;\">Laitteen ulkopuolisten osien tarkastus, ruuvit ym.<\/span><\/li>\n<li><span style=\"color: #000000;\">Laitteen postitus takaisin.<\/span><\/li>\n<\/ul>\n<p><span style=\"color: #000000;\">Olemme yhteydess\u00e4 s\u00e4hk\u00f6postilla ja annamme osoitteen, jonne laitteen voi toimittaa. Jos laitteessa havaitaan korjattavaa ja sit\u00e4 varten tarvitaan osia, otamme yhteytt\u00e4 teihin ja ilmoitamme mahdollisista kustannuksista etuk\u00e4teen.<\/span><\/p>\n<p><span style=\"color: #000000;\">Lis\u00e4palveluna puhdistamme laitteen my\u00f6s sis\u00e4puolelta ja vaihdamme tiivisteet tarvittaessa. Kysy tarjous ja mainitse, mik\u00e4 laite kyseess\u00e4.<\/span><\/p>\n<p><span style=\"color: #000000;\">P\u00e4ivist\u00e4mme my\u00f6s valonvahvistinyksik\u00f6it\u00e4 laitteisiin, kysy lis\u00e4\u00e4.<\/span><\/p>\n","protected":false},"excerpt":{"rendered":"<p><span style=\"color: #000000;\">Suosittelemme, ett\u00e4 valonvahvistimien tiiveys tarkastetaan kerran vuodessa ja laite huuhdellaan sek\u00e4 t\u00e4ytet\u00e4\u00e4n typell\u00e4. Typpit\u00e4ytt\u00f6 poistaa laitteen sis\u00e4lt\u00e4 kosteuden ja ep\u00e4puhtaudet, jotka voivat aiheuttaa valonvahvistinyksik\u00f6n vaurioitumisen ajan saatossa.<\/span><\/p>\n","protected":false},"featured_media":10769,"template":"","meta":[],"product_brand":[],"product_cat":[509,551],"product_tag":[488,526,512,377,511,513,354,524,375,525],"class_list":{"0":"post-10764","1":"product","2":"type-product","3":"status-publish","4":"has-post-thumbnail","6":"product_cat-valonvahvistimet","7":"product_cat-nv-tarvikkeet","8":"product_tag-binocular","9":"product_tag-huolto","10":"product_tag-mini-14","11":"product_tag-monocular","12":"product_tag-night-vision","13":"product_tag-pvs-14","14":"product_tag-scope","15":"product_tag-service","16":"product_tag-sight","17":"product_tag-valonvahvistin","18":"product_shipping_class-posti-s-paketti","20":"first","21":"instock","22":"taxable","23":"shipping-taxable","24":"purchasable","25":"product-type-simple","26":"customify-col","27":"product-has-gallery"},"_links":{"self":[{"href":"https:\/\/pautac.fi\/en\/wp-json\/wp\/v2\/product\/10764","targetHints":{"allow":["GET"]}}],"collection":[{"href":"https:\/\/pautac.fi\/en\/wp-json\/wp\/v2\/product"}],"about":[{"href":"https:\/\/pautac.fi\/en\/wp-json\/wp\/v2\/types\/product"}],"wp:featuredmedia":[{"embeddable":true,"href":"https:\/\/pautac.fi\/en\/wp-json\/wp\/v2\/media\/10769"}],"wp:attachment":[{"href":"https:\/\/pautac.fi\/en\/wp-json\/wp\/v2\/media?parent=10764"}],"wp:term":[{"taxonomy":"product_brand","embeddable":true,"href":"https:\/\/pautac.fi\/en\/wp-json\/wp\/v2\/product_brand?post=10764"},{"taxonomy":"product_cat","embeddable":true,"href":"https:\/\/pautac.fi\/en\/wp-json\/wp\/v2\/product_cat?post=10764"},{"taxonomy":"product_tag","embeddable":true,"href":"https:\/\/pautac.fi\/en\/wp-json\/wp\/v2\/product_tag?post=10764"}],"curies":[{"name":"wp","href":"https:\/\/api.w.org\/{rel}","templated":true}]}}