{"id":11427,"date":"2024-02-17T18:53:38","date_gmt":"2024-02-17T16:53:38","guid":{"rendered":"https:\/\/pautac.fi\/?post_type=product&#038;p=11427"},"modified":"2025-11-02T19:42:49","modified_gmt":"2025-11-02T17:42:49","slug":"agm-secutor-lrf-c-50-640","status":"publish","type":"product","link":"https:\/\/pautac.fi\/en\/product\/agm-secutor-lrf-c-50-640\/","title":{"rendered":"AGM Secutor LRF-C 50-640 Clip-On"},"content":{"rendered":"<div class=\"product-card-description-text\">\n<p><span style=\"color: #000000;\">The user-friendly interface, comfortable and ergonomic operating controls makes Secutor LRF-C use incredibly easy. The Secutor LRF-C can easily be attached in front of rifle scopes with magnification up to 10x for medium range use.<\/span><\/p>\n<p><span style=\"color: #000000;\">The built-in laser range finder of the AGM Secutor LRF-C is designed to determine the exact distance between the observer and the target. Measurement results are displayed in the scopes monitor.<\/span><\/p>\n<p><span style=\"color: #000000;\">Four replaceable Li-Ion battery gives the device more than 6 hours of continuous operation time. An external 5V power bank (battery pack) can be easily connected via a USB to USB-C connector for a significant increase of operating time.<\/span><\/p>\n<p><span style=\"color: #000000;\">The device is equipped with fast EMMC storage for on-board video\/audio recording and image capture. Onboard Wi-Fi module allows live video streaming and video\/image recording via mobile applications.<\/span><\/p>\n<h5 class=\"wraper-video\"><span style=\"color: #000000;\">Features<\/span><\/h5>\n<\/div>\n<div class=\"product-card-description-list\">\n<ul>\n<li><span style=\"color: #000000;\">Quick conversion of daytime optics into thermal imaging scope<\/span><\/li>\n<li><span style=\"color: #000000;\">12\u03bcm thermal detector<\/span><\/li>\n<li><span style=\"color: #000000;\">High sensitivity (NETD less than 20 mK)<\/span><\/li>\n<li><span style=\"color: #000000;\">Fast 50Hz imaging<\/span><\/li>\n<li><span style=\"color: #000000;\">Built-in laser rangefinder<\/span><\/li>\n<li><span style=\"color: #000000;\">Adjustable color palettes<\/span><\/li>\n<li><span style=\"color: #000000;\">High resolution OLED display<\/span><\/li>\n<li><span style=\"color: #000000;\">On-board video\/audio recording and image capture<\/span><\/li>\n<li><span style=\"color: #000000;\">Built-in EMMC storage (16 GB)<\/span><\/li>\n<li><span style=\"color: #000000;\">Wi-Fi data transmission<\/span><\/li>\n<li><span style=\"color: #000000;\">Standby mode<\/span><\/li>\n<li><span style=\"color: #000000;\">More than 6 hours battery life<\/span><\/li>\n<li><span style=\"color: #000000;\">External power supply compatibility<\/span><\/li>\n<li><span style=\"color: #000000;\">Waterproof &amp; shockproof<\/span><\/li>\n<li><span style=\"color: #000000;\">3-year warranty<\/span><\/li>\n<\/ul>\n<\/div>\n<h5><span style=\"color: #000000;\">Specifications<\/span><\/h5>\n<div class=\"product-card-description-list\">\n<div class=\"compare-table-cell compres-first\">\n<ul>\n<li><span style=\"color: #000000;\">Palettes: Black Hot, White Hot, Red Hot, Fusion<\/span><\/li>\n<li><span style=\"color: #000000;\">Dimensions: 190 \u00d7 102 \u00d7 69 mm (7.5 \u00d7 4.0 \u00d7 2.7 in)<\/span><\/li>\n<li><span style=\"color: #000000;\">Exit Pupil Diameter: 22 mm<\/span><\/li>\n<li><span style=\"color: #000000;\">Video Recording: Yes<\/span><\/li>\n<li><span style=\"color: #000000;\">Audio Recording: Yes<\/span><\/li>\n<li><span style=\"color: #000000;\">Magnification: 1x<\/span><\/li>\n<li><span style=\"color: #000000;\">Detector type: 12\u03bcm VOx Uncooled Focal Plane Array<\/span><\/li>\n<li><span style=\"color: #000000;\">Response Waveband:8 \u03bcm to 14 \u03bcm<\/span><\/li>\n<li><span style=\"color: #000000;\">FFC (Flat Field Correction): Auto, Manual, External Correction<\/span><\/li>\n<li><span style=\"color: #000000;\">Highest Temperature Spot Tracking: Yes<\/span><\/li>\n<li><span style=\"color: #000000;\">Standby Mode: Yes<\/span><\/li>\n<li><span style=\"color: #000000;\">Refresh rate: 50 Hz<\/span><\/li>\n<li><span style=\"color: #000000;\">Resolution: 640 \u00d7 512<\/span><\/li>\n<li><span style=\"color: #000000;\">Laser Rangefinder: Up to 1000 m, \u00b14 m accuracy<\/span><\/li>\n<li><span style=\"color: #000000;\">Laser Wavelength: 905 nm<\/span><\/li>\n<li><span style=\"color: #000000;\">Detection Range (6&#8242; object): 3,200 m\/yd<\/span><\/li>\n<li><span style=\"color: #000000;\">Lens system: 50 mm; F1.0<\/span><\/li>\n<li><span style=\"color: #000000;\">NETD: Less than 20 mk (@25\u00b0C), F#=1.0<\/span><\/li>\n<li><span style=\"color: #000000;\">Field of view (H \u00d7 X): 8.8\u00b0 \u00d7 7.0\u00b0<\/span><\/li>\n<li><span style=\"color: #000000;\">Display: 1024&#215;768, 0.39 inch, OLED<\/span><\/li>\n<li><span style=\"color: #000000;\">Storage: 16 GB EMMC<\/span><\/li>\n<li><span style=\"color: #000000;\">Capture Snapshot: Yes<\/span><\/li>\n<li><span style=\"color: #000000;\">Battery Type: Four CR123A Lithium Battery<\/span><\/li>\n<li><span style=\"color: #000000;\">Wi-Fi: Yes<\/span><\/li>\n<li><span style=\"color: #000000;\">Battery Operating Time: \u041core than 6 hours<\/span><\/li>\n<li><span style=\"color: #000000;\">External power supply: 5 VDC\/2 A, USB Type-C<\/span><\/li>\n<li><span style=\"color: #000000;\">Operating Temperature Range: -30\u00b0C to 55\u00b0C (-22\u00b0F to 131\u00b0F)<\/span><\/li>\n<li><span style=\"color: #000000;\">Weight: 0.68 kg (1.5 lb)<\/span><\/li>\n<li><span style=\"color: #000000;\">Protection Level: IP67<\/span><\/li>\n<\/ul>\n<\/div>\n<\/div>\n","protected":false},"excerpt":{"rendered":"<p><span style=\"color: #000000;\">The Secutor LRF-C is a compact thermal imaging clip-on system with built-in precision laser rangefinder that allows quick transformation of the day optics into thermal imaging device without any special tools or equipment. Equipped with a highly sensitive, 12\u03bcm thermal detector and 1024\u00d7768 OLED monitor, the AGM Secutor LRF-C provides a clear image under harsh environmental conditions including darkness, fog, smoke, dust, rain, snow, brush, camouflage, etc.<\/span><\/p>\n","protected":false},"featured_media":11428,"template":"","meta":[],"product_brand":[655],"product_cat":[613,371],"product_tag":[561,382,379,384,378,376,377,354,562,375,374],"class_list":{"0":"post-11427","1":"product","2":"type-product","3":"status-publish","4":"has-post-thumbnail","6":"product_brand-agm","7":"product_cat-clip-on","8":"product_cat-lampokamerat","9":"product_tag-agm","10":"product_tag-clip-on","11":"product_tag-infiray","12":"product_tag-iray","13":"product_tag-lampokiikari","14":"product_tag-lampotahtain","15":"product_tag-monocular","16":"product_tag-scope","17":"product_tag-secutor","18":"product_tag-sight","19":"product_tag-thermal","20":"product_shipping_class-posti-m-paketti","22":"first","23":"instock","24":"taxable","25":"shipping-taxable","26":"purchasable","27":"product-type-simple","28":"customify-col","29":"product-has-gallery"},"_links":{"self":[{"href":"https:\/\/pautac.fi\/en\/wp-json\/wp\/v2\/product\/11427","targetHints":{"allow":["GET"]}}],"collection":[{"href":"https:\/\/pautac.fi\/en\/wp-json\/wp\/v2\/product"}],"about":[{"href":"https:\/\/pautac.fi\/en\/wp-json\/wp\/v2\/types\/product"}],"wp:featuredmedia":[{"embeddable":true,"href":"https:\/\/pautac.fi\/en\/wp-json\/wp\/v2\/media\/11428"}],"wp:attachment":[{"href":"https:\/\/pautac.fi\/en\/wp-json\/wp\/v2\/media?parent=11427"}],"wp:term":[{"taxonomy":"product_brand","embeddable":true,"href":"https:\/\/pautac.fi\/en\/wp-json\/wp\/v2\/product_brand?post=11427"},{"taxonomy":"product_cat","embeddable":true,"href":"https:\/\/pautac.fi\/en\/wp-json\/wp\/v2\/product_cat?post=11427"},{"taxonomy":"product_tag","embeddable":true,"href":"https:\/\/pautac.fi\/en\/wp-json\/wp\/v2\/product_tag?post=11427"}],"curies":[{"name":"wp","href":"https:\/\/api.w.org\/{rel}","templated":true}]}}