{"id":11734,"date":"2024-02-18T23:08:23","date_gmt":"2024-02-18T21:08:23","guid":{"rendered":"https:\/\/pautac.fi\/?post_type=product&#038;p=11734"},"modified":"2025-11-02T19:42:26","modified_gmt":"2025-11-02T17:42:26","slug":"agm-rattler-c-v2-50-640","status":"publish","type":"product","link":"https:\/\/pautac.fi\/en\/product\/agm-rattler-c-v2-50-640\/","title":{"rendered":"AGM Rattler-C V2 50-640 Clip-On"},"content":{"rendered":"<div class=\"product-card-description-text\">\n<p>The Rattler-C V2 clip-on The Rattler TC can easily be attached in front of day scopes to quickly convert a day optic into a thermal imaging device without any special tools or equipment required.<\/p>\n<p>Powered replaceable and rechargeable Li-ion battery the AGM Rattler-C V2 provides up to 11 hours of continuous battery life on a single charge (2 batteries included). An external 5V power bank (battery pack) can be easily connected via a USB-C connector for a significant increase of operating time.<\/p>\n<p>Onboard Wi-Fi module is also available for live video streaming and video\/images recording via mobile application.<\/p>\n<h5 class=\"wraper-video\"><span style=\"color: #000000;\">Features<\/span><\/h5>\n<\/div>\n<div class=\"product-card-description-list\">\n<ul>\n<li>Quick conversion of daytime optics into thermal imaging scope<\/li>\n<li>12\u03bcm high-sensitivity thermal detector, NETD &lt; 20mK<\/li>\n<li>Fast 50Hz imaging<\/li>\n<li>High resolution OLED display<\/li>\n<li>Adjustable color palettes<\/li>\n<li>On-board video\/audio recording and image capture<\/li>\n<li>Built-in EMMC storage (16 GB)<\/li>\n<li>Shot Activated Recording (SAR)<\/li>\n<li>Wi-Fi data transmission<\/li>\n<li>Stadiametric rangefinder<\/li>\n<li>Standby mode<\/li>\n<li>9 &#8211; 11 hours battery life (depending on model)<\/li>\n<li>External power supply compatibility<\/li>\n<li>Waterproof &amp; shockproof<\/li>\n<li>3-year warranty<\/li>\n<\/ul>\n<\/div>\n<h5><span style=\"color: #000000;\">Specifications<\/span><\/h5>\n<div class=\"product-card-description-list\">\n<div class=\"compare-table-cell compres-first\">\n<div class=\"compare-table-cell compres-first\">\n<ul>\n<li>Dimensions: 196 \u00d7 73 \u00d7 68 mm (7.7 \u00d7 2.9 \u00d7 2.7 in)<\/li>\n<li>Flat Field Correction (FFC): Auto, Manual, External Correction<\/li>\n<li>Palettes: Black hot, White hot, Red hot, Fusion<\/li>\n<li>Exit Pupil Diameter: 22 mm<\/li>\n<li>Distance Measurement: Yes (Stadiametric)<\/li>\n<li>Scene Mode: Cold, Warm<\/li>\n<li>Video Recording: Yes<\/li>\n<li>Audio Recording: Yes<\/li>\n<li>Detector type: 12\u03bcm VOx Uncooled Focal Plane Array<\/li>\n<li>Standby Mode: Yes<\/li>\n<li>Refresh rate: 50 Hz<\/li>\n<li>Resolution: 640\u00d7512<\/li>\n<li>Detection Range (6&#8242; object): 2600 m\/yd<\/li>\n<li>Lens system: 50 mm; F\/1.0<\/li>\n<li>NETD: Less than 20 mK (25\u00b0C, F# = 1.0)<\/li>\n<li>Optical magnification: 1\u00d7<\/li>\n<li>Field of view (H \u00d7 X): 8.8\u00b0 \u00d7 7.0\u00b0<\/li>\n<li>Hot Track: Yes<\/li>\n<li>Eye relief: 10 mm<\/li>\n<li>Display: 0.39-inch, OLED, 1024\u00d7768<\/li>\n<li>Storage: Built-in EMMC (16 GB)<\/li>\n<li>Capture Snapshot: Yes<\/li>\n<li>Battery Type: Replaceable and Rechargeable Li-ion Battery<\/li>\n<li>Wi-Fi: Yes<\/li>\n<li>Battery Life (Operating): 9 h (25\u00b0C, with hotspot off)<\/li>\n<li>External power supply: 5 VDC, 2 A, USB Type-C<\/li>\n<li>Operating Temperature Range: -30\u00b0C to +55\u00b0C (-22\u00b0F to 131\u00b0F)<\/li>\n<li>Weight: 0.55 kg (1.2 lb)<\/li>\n<li>Protection Level: IP67<\/li>\n<li>Package Includes: Thermal Imaging Clip-On, Mount, Two Rechargeable Battery, Charger, USB Cable, Lens Cloth, Manual, Carrying Case<\/li>\n<li>Focus Range: 10 m to infinity<\/li>\n<\/ul>\n<\/div>\n<\/div>\n<\/div>\n","protected":false},"excerpt":{"rendered":"<p>The AGM Rattler-C V2 series of thermal clip-ons boasts a industry-leading 12 micron, sub-20mk thermal detectors. These physical attributes provide users with some of the best image quality AGM has produced to date with potential detection ranges up to 2600 yards. The Rattler-C V2 thermal clip-ons have a high-sensitivity sensor with 640\u00d7512 resolutions, which provides a clear image under harsh environment conditions like darkness, fog, smoke, dust, rain, snow, wood, camouflage, etc.<\/p>\n","protected":false},"featured_media":11737,"template":"","meta":[],"product_brand":[655],"product_cat":[613,371],"product_tag":[561,382,378,376,377,576,354,375,374],"class_list":{"0":"post-11734","1":"product","2":"type-product","3":"status-publish","4":"has-post-thumbnail","6":"product_brand-agm","7":"product_cat-clip-on","8":"product_cat-lampokamerat","9":"product_tag-agm","10":"product_tag-clip-on","11":"product_tag-lampokiikari","12":"product_tag-lampotahtain","13":"product_tag-monocular","14":"product_tag-rattler-c","15":"product_tag-scope","16":"product_tag-sight","17":"product_tag-thermal","18":"product_shipping_class-posti-m-paketti","20":"first","21":"instock","22":"taxable","23":"shipping-taxable","24":"purchasable","25":"product-type-simple","26":"customify-col","27":"product-has-gallery"},"_links":{"self":[{"href":"https:\/\/pautac.fi\/en\/wp-json\/wp\/v2\/product\/11734","targetHints":{"allow":["GET"]}}],"collection":[{"href":"https:\/\/pautac.fi\/en\/wp-json\/wp\/v2\/product"}],"about":[{"href":"https:\/\/pautac.fi\/en\/wp-json\/wp\/v2\/types\/product"}],"wp:featuredmedia":[{"embeddable":true,"href":"https:\/\/pautac.fi\/en\/wp-json\/wp\/v2\/media\/11737"}],"wp:attachment":[{"href":"https:\/\/pautac.fi\/en\/wp-json\/wp\/v2\/media?parent=11734"}],"wp:term":[{"taxonomy":"product_brand","embeddable":true,"href":"https:\/\/pautac.fi\/en\/wp-json\/wp\/v2\/product_brand?post=11734"},{"taxonomy":"product_cat","embeddable":true,"href":"https:\/\/pautac.fi\/en\/wp-json\/wp\/v2\/product_cat?post=11734"},{"taxonomy":"product_tag","embeddable":true,"href":"https:\/\/pautac.fi\/en\/wp-json\/wp\/v2\/product_tag?post=11734"}],"curies":[{"name":"wp","href":"https:\/\/api.w.org\/{rel}","templated":true}]}}