{"id":13759,"date":"2025-01-21T11:31:11","date_gmt":"2025-01-21T09:31:11","guid":{"rendered":"https:\/\/pautac.fi\/?post_type=product&#038;p=13759"},"modified":"2025-11-23T10:53:16","modified_gmt":"2025-11-23T08:53:16","slug":"ftm-aisf-intelligent-fire-control-system","status":"publish","type":"product","link":"https:\/\/pautac.fi\/en\/product\/ftm-aisf-intelligent-fire-control-system\/","title":{"rendered":"FTM-AISF Intelligent Fire Control System"},"content":{"rendered":"<h5><span style=\"color: #000000;\">Features<\/span><\/h5>\n<ul>\n<li><span style=\"color: #000000;\">Al technology: automatically detect, lock and track static and moving personnel and UAV targets.<\/span><\/li>\n<li><span style=\"color: #000000;\">Powerful ballistic calculation: automatically adjust the position of the reticle according to environmental parameters and the target location, meanwhile predict in real-time aiming area of the locked target.<\/span><\/li>\n<li><span style=\"color: #000000;\">Ultra HD 4K Sensor<\/span><\/li>\n<li><span style=\"color: #000000;\">Real-time video streaming: real-time display of system image on mobile devices.<\/span><\/li>\n<li><span style=\"color: #000000;\">HD display: 1080p.<\/span><\/li>\n<li><span style=\"color: #000000;\">High frame frequency: 50Hz.<\/span><\/li>\n<li><span style=\"color: #000000;\">High precision laser rangefinder.<\/span><\/li>\n<li><span style=\"color: #000000;\">Build-in 64GB storage, support 1080p high resolution photographing and video recording<\/span><\/li>\n<li><span style=\"color: #000000;\">Waterproof, IP67.<\/span><\/li>\n<\/ul>\n<h5><span style=\"color: #000000;\">AI targeting modes<\/span><\/h5>\n<p><span style=\"color: #000000;\"><img loading=\"lazy\" decoding=\"async\" class=\"alignnone wp-image-13762\" src=\"https:\/\/pautac.fi\/wp\/wp-content\/uploads\/USOPP-IS-modes.jpg\" alt=\"\" width=\"909\" height=\"159\" srcset=\"https:\/\/pautac.fi\/wp\/wp-content\/uploads\/USOPP-IS-modes.jpg 1920w, https:\/\/pautac.fi\/wp\/wp-content\/uploads\/USOPP-IS-modes-600x105.jpg 600w, https:\/\/pautac.fi\/wp\/wp-content\/uploads\/USOPP-IS-modes-1000x175.jpg 1000w, https:\/\/pautac.fi\/wp\/wp-content\/uploads\/USOPP-IS-modes-200x35.jpg 200w, https:\/\/pautac.fi\/wp\/wp-content\/uploads\/USOPP-IS-modes-768x134.jpg 768w, https:\/\/pautac.fi\/wp\/wp-content\/uploads\/USOPP-IS-modes-1536x269.jpg 1536w\" sizes=\"auto, (max-width: 909px) 100vw, 909px\" \/><\/span><\/p>\n<h5><span style=\"color: #000000;\">Specifications<\/span><\/h5>\n<p><span style=\"color: #000000;\">Resolution Pixels: 3840\u00d72160<\/span><br \/>\n<span style=\"color: #000000;\">Pixel Pitch \u03bcm: 2<\/span><br \/>\n<span style=\"color: #000000;\">FOV \u00b0: 8.8\u00d75<\/span><br \/>\n<span style=\"color: #000000;\">Focus mm: 50mm<\/span><br \/>\n<span style=\"color: #000000;\">Screen Pixels: 1920\u00d71080<br \/>\n<\/span><\/p>\n<p><span style=\"color: #000000;\">System Magnification: 3x<\/span><br \/>\n<span style=\"color: #000000;\">Digital Zoom: 1~4x<\/span><br \/>\n<span style=\"color: #000000;\">Standard Interface Type: RS422,USB<\/span><br \/>\n<span style=\"color: #000000;\">Battery: 18650\u00d72<\/span><br \/>\n<span style=\"color: #000000;\">Battery life,h: 6<\/span><\/p>\n<p><span style=\"color: #000000;\">Weight (Without Battery),g: 1100<\/span><br \/>\n<span style=\"color: #000000;\">Dimensions(L\u00d7W\u00d7H), mm: 255\u00d7106\u00d755<\/span><\/p>\n","protected":false},"excerpt":{"rendered":"<p><span style=\"color: #000000;\">The FTM-AISF is a world-leading, highly intelligent system. Using advanced AI technology and a high-performance intelligent computing platform, the U-IS enables the following features: detecting, locking, and tracking targets on different battlefields; automatic ballistic calculation based on the azimuth and movement characteristics of locked targets, and environmental parameters; predicting in real-time aiming area of the locked target .<\/span><\/p>\n<p><span style=\"color: #000000;\">Whether well-trained or not, the FTM-AISF ensures shooters to achieve first-round hits no matter the target is static or moving, which raising the striking efficiency of the weapon system to an unprecedented level. <\/span><\/p>\n<p><span style=\"color: #000000;\">The System also features one shot zeroing and quick battery removal.<\/span><\/p>\n<p>Ask more info@pautac.fi<\/p>\n","protected":false},"featured_media":15294,"template":"","meta":[],"product_brand":[],"product_cat":[371,628],"product_tag":[392,377,354,375,637,374],"class_list":{"0":"post-13759","1":"product","2":"type-product","3":"status-publish","4":"has-post-thumbnail","6":"product_cat-lampokamerat","7":"product_cat-lampotahtaimet","8":"product_tag-mini","9":"product_tag-monocular","10":"product_tag-scope","11":"product_tag-sight","12":"product_tag-smart-shooter","13":"product_tag-thermal","14":"product_shipping_class-posti-m-paketti","16":"first","17":"instock","18":"taxable","19":"shipping-taxable","20":"product-type-simple","21":"customify-col","22":"product-has-gallery"},"_links":{"self":[{"href":"https:\/\/pautac.fi\/en\/wp-json\/wp\/v2\/product\/13759","targetHints":{"allow":["GET"]}}],"collection":[{"href":"https:\/\/pautac.fi\/en\/wp-json\/wp\/v2\/product"}],"about":[{"href":"https:\/\/pautac.fi\/en\/wp-json\/wp\/v2\/types\/product"}],"wp:featuredmedia":[{"embeddable":true,"href":"https:\/\/pautac.fi\/en\/wp-json\/wp\/v2\/media\/15294"}],"wp:attachment":[{"href":"https:\/\/pautac.fi\/en\/wp-json\/wp\/v2\/media?parent=13759"}],"wp:term":[{"taxonomy":"product_brand","embeddable":true,"href":"https:\/\/pautac.fi\/en\/wp-json\/wp\/v2\/product_brand?post=13759"},{"taxonomy":"product_cat","embeddable":true,"href":"https:\/\/pautac.fi\/en\/wp-json\/wp\/v2\/product_cat?post=13759"},{"taxonomy":"product_tag","embeddable":true,"href":"https:\/\/pautac.fi\/en\/wp-json\/wp\/v2\/product_tag?post=13759"}],"curies":[{"name":"wp","href":"https:\/\/api.w.org\/{rel}","templated":true}]}}