{"id":15212,"date":"2025-11-02T19:53:43","date_gmt":"2025-11-02T17:53:43","guid":{"rendered":"https:\/\/pautac.fi\/?post_type=product&#038;p=15212"},"modified":"2025-11-02T20:08:16","modified_gmt":"2025-11-02T18:08:16","slug":"agm-observir-lrf-35-640","status":"publish","type":"product","link":"https:\/\/pautac.fi\/en\/product\/agm-observir-lrf-35-640\/","title":{"rendered":"AGM ObservIR LRF 35-640"},"content":{"rendered":"<div>\n<section class=\"product__description\">\n<div class=\"container\">\n<div class=\"row\">\n<div class=\"col-12\">\n<h4 class=\"section__title\"><span style=\"color: #000000;\">Description and Features<\/span><\/h4>\n<\/div>\n<\/div>\n<div class=\"row\">\n<div class=\"col product__description_text_outer\">\n<div class=\"product__description_text_wrapper\">\n<p><span style=\"color: #000000;\">The AGM ObservIR LRF Thermal &amp; Digital Day\/Night Vision binocular is some of the most technologically advanced and feature-packed optics in the world. The primary engine behind these binocular lies within the main thermal viewing channel, with its high-sensitivity 12 micron detector. Unlike other thermal binoculars on the market, the ObservIR LRF also come outfitted with a digital day\/night channel as well, which is great for aiding in recognition of targets detected by the thermal channel. The built-in 1,000m laser rangefinder simply takes the ObservIR LRF to another level, and this is without even mentioning its 64GB of internal memory and Wi-Fi compatibility.<\/span><\/p>\n<p><span style=\"color: #000000;\">The ObservIR LRF monoculars also come packed with numerous software improvements, and many features that have become commonplace within the AGM thermal product assortment: high-sensitivity thermal detector, 35 mm objective lens with a 1.0 aperture, 3840&#215;2160 ultra low light CMOS sensor, various viewing modes, multiple color palettes, picture-in-picture mode, built-in laser rangefinder, GPS module, long-range IR illuminator, up to 8 hours of battery life on removable, rechargeable 18650 batteries, USB Type-C port for external power capabilities, IP67 waterproof rating. The package includes four 18650 batteries, wrist strap and charger.<\/span><\/p>\n<\/div>\n<\/div>\n<div class=\"col product__description_list_outer\">\n<ul class=\"product__description_list\">\n<li class=\"product__description_item\"><span style=\"color: #000000;\">Dual-spectrum thermal and digital day\/night system<\/span><\/li>\n<li class=\"product__description_item\"><span style=\"color: #000000;\">12\u03bcm high-sensitivity thermal sensor<\/span><\/li>\n<li class=\"product__description_item\"><span style=\"color: #000000;\">640&#215;512 thermal resolution<\/span><\/li>\n<li class=\"product__description_item\"><span style=\"color: #000000;\">3x \u2013 22x thermal magnification<\/span><\/li>\n<li class=\"product__description_item\"><span style=\"color: #000000;\">Digital image processing technology<\/span><\/li>\n<li class=\"product__description_item\"><span style=\"color: #000000;\">Ultra-low illumination optical channel<\/span><\/li>\n<li class=\"product__description_item\"><span style=\"color: #000000;\">3840\u00d72160 optical resolution<\/span><\/li>\n<li class=\"product__description_item\"><span style=\"color: #000000;\">Built-in IR illuminator<\/span><\/li>\n<li class=\"product__description_item\"><span style=\"color: #000000;\">Eye-safe 1,000 m laser rangefinder<\/span><\/li>\n<li class=\"product__description_item\"><span style=\"color: #000000;\">1920\u00d71080 resolution, 0.49-inch OLED display<\/span><\/li>\n<li class=\"product__description_item\"><span style=\"color: #000000;\">Digital Magnetic Compass<\/span><\/li>\n<li class=\"product__description_item\"><span style=\"color: #000000;\">Built-in GPS module<\/span><\/li>\n<li class=\"product__description_item\"><span style=\"color: #000000;\">Video\/audio recording and snapshot capture<\/span><\/li>\n<li class=\"product__description_item\"><span style=\"color: #000000;\">Built-in 64 GB EMMC storage<\/span><\/li>\n<li class=\"product__description_item\"><span style=\"color: #000000;\">Wi-Fi hotspot<\/span><\/li>\n<li class=\"product__description_item\"><span style=\"color: #000000;\">Standby mode<\/span><\/li>\n<li class=\"product__description_item\"><span style=\"color: #000000;\">8-hour continuous operation on a single charge<\/span><\/li>\n<li class=\"product__description_item\"><span style=\"color: #000000;\">Auto screen-off function to saving energy<\/span><\/li>\n<li class=\"product__description_item\"><span style=\"color: #000000;\">External power supply capability<\/span><\/li>\n<li class=\"product__description_item\"><span style=\"color: #000000;\">Rugged housing with rubber overmolding<\/span><\/li>\n<li class=\"product__description_item\"><span style=\"color: #000000;\">Waterproof and dustproof<\/span><\/li>\n<\/ul>\n<\/div>\n<\/div>\n<div class=\"row\"><iframe loading=\"lazy\" title=\"YouTube video player\" src=\"https:\/\/www.youtube.com\/embed\/r6GGETXu4t0?si=O_C_I6_qgSZm1d3K\" width=\"560\" height=\"315\" frameborder=\"0\" allowfullscreen=\"allowfullscreen\" data-mce-fragment=\"1\"><\/iframe><\/div>\n<\/div>\n<\/section>\n<\/div>\n<section class=\"product__specifications\">\n<div class=\"container\">\n<div class=\"row\">\n<div class=\"col-12\">\n<h4><\/h4>\n<h4 class=\"section__title\"><span style=\"color: #000000;\">SPECIFICATIONS<\/span><\/h4>\n<table class=\"table product__specifications_table\">\n<tbody>\n<tr class=\"product__specifications_table_row\">\n<td class=\"product__specifications_table_col\"><span class=\"product__specifications_table_text\" style=\"color: #000000;\">Thermal Detector<\/span><\/td>\n<td class=\"product__specifications_table_col\"><span class=\"product__specifications_table_text\" style=\"color: #000000;\">12\u03bcm VOx Uncooled Focal Plane Array<\/span><\/td>\n<\/tr>\n<tr class=\"product__specifications_table_row\">\n<td class=\"product__specifications_table_col\"><span class=\"product__specifications_table_text\" style=\"color: #000000;\">Thermal Resolution<\/span><\/td>\n<td class=\"product__specifications_table_col\"><span class=\"product__specifications_table_text\" style=\"color: #000000;\">640 \u00d7 512<\/span><\/td>\n<\/tr>\n<tr class=\"product__specifications_table_row\">\n<td class=\"product__specifications_table_col\"><span class=\"product__specifications_table_text\" style=\"color: #000000;\">Refresh Rate<\/span><\/td>\n<td class=\"product__specifications_table_col\"><span class=\"product__specifications_table_text\" style=\"color: #000000;\">50 Hz<\/span><\/td>\n<\/tr>\n<tr class=\"product__specifications_table_row\">\n<td class=\"product__specifications_table_col\"><span class=\"product__specifications_table_text\" style=\"color: #000000;\">NETD<\/span><\/td>\n<td class=\"product__specifications_table_col\"><span class=\"product__specifications_table_text\" style=\"color: #000000;\">Less than 15 mK (25\u00b0C, F#=1.0)<\/span><\/td>\n<\/tr>\n<tr class=\"product__specifications_table_row\">\n<td class=\"product__specifications_table_col\"><span class=\"product__specifications_table_text\" style=\"color: #000000;\">Thermal Channel Lens System<\/span><\/td>\n<td class=\"product__specifications_table_col\"><span class=\"product__specifications_table_text\" style=\"color: #000000;\">35 mm; F1.0<\/span><\/td>\n<\/tr>\n<tr class=\"product__specifications_table_row\">\n<td class=\"product__specifications_table_col\"><span class=\"product__specifications_table_text\" style=\"color: #000000;\">Thermal Channel Field of View<\/span><\/td>\n<td class=\"product__specifications_table_col\"><span class=\"product__specifications_table_text\" style=\"color: #000000;\">7.5\u00b0\u00d75.7\u00b0<\/span><\/td>\n<\/tr>\n<tr class=\"product__specifications_table_row\">\n<td class=\"product__specifications_table_col\"><span class=\"product__specifications_table_text\" style=\"color: #000000;\">Thermal Channel Magnification<\/span><\/td>\n<td class=\"product__specifications_table_col\"><span class=\"product__specifications_table_text\" style=\"color: #000000;\">3.0x \u2013 22x<\/span><\/td>\n<\/tr>\n<tr class=\"product__specifications_table_row\">\n<td class=\"product__specifications_table_col\"><span class=\"product__specifications_table_text\" style=\"color: #000000;\">Diopter Adjustment<\/span><\/td>\n<td class=\"product__specifications_table_col\"><span class=\"product__specifications_table_text\" style=\"color: #000000;\">-5 to +3 dpt<\/span><\/td>\n<\/tr>\n<tr class=\"product__specifications_table_row\">\n<td class=\"product__specifications_table_col\"><span class=\"product__specifications_table_text\" style=\"color: #000000;\">Detection Range (6\u2019 object)<\/span><\/td>\n<td class=\"product__specifications_table_col\"><span class=\"product__specifications_table_text\" style=\"color: #000000;\">1,800 m<\/span><\/td>\n<\/tr>\n<tr class=\"product__specifications_table_row\">\n<td class=\"product__specifications_table_col\"><span class=\"product__specifications_table_text\" style=\"color: #000000;\">Monitor<\/span><\/td>\n<td class=\"product__specifications_table_col\"><span class=\"product__specifications_table_text\" style=\"color: #000000;\">1920\u00d71080, 0.49 inch, OLED, 50 FPS<\/span><\/td>\n<\/tr>\n<tr class=\"product__specifications_table_row\">\n<td class=\"product__specifications_table_col\"><span class=\"product__specifications_table_text\" style=\"color: #000000;\">FFC (Flat Field Correction)<\/span><\/td>\n<td class=\"product__specifications_table_col\"><span class=\"product__specifications_table_text\" style=\"color: #000000;\">Auto, Manual, External Correction<\/span><\/td>\n<\/tr>\n<tr class=\"product__specifications_table_row\">\n<td class=\"product__specifications_table_col\"><span class=\"product__specifications_table_text\" style=\"color: #000000;\">Palettes<\/span><\/td>\n<td class=\"product__specifications_table_col\"><span class=\"product__specifications_table_text\" style=\"color: #000000;\">Black Hot, White Hot, Red Hot, Fusion<\/span><\/td>\n<\/tr>\n<tr class=\"product__specifications_table_row\">\n<td class=\"product__specifications_table_col\"><span class=\"product__specifications_table_text\" style=\"color: #000000;\">Highest Temperature Spot Tracking<\/span><\/td>\n<td class=\"product__specifications_table_col\"><span class=\"product__specifications_table_text\" style=\"color: #000000;\">Yes<\/span><\/td>\n<\/tr>\n<tr class=\"product__specifications_table_row\">\n<td class=\"product__specifications_table_col\"><span class=\"product__specifications_table_text\" style=\"color: #000000;\">Scene Mode<\/span><\/td>\n<td class=\"product__specifications_table_col\"><span class=\"product__specifications_table_text\" style=\"color: #000000;\">Jungle, Recognition<\/span><\/td>\n<\/tr>\n<tr class=\"product__specifications_table_row\">\n<td class=\"product__specifications_table_col\"><span class=\"product__specifications_table_text\" style=\"color: #000000;\">Optical Digital Sensor<\/span><\/td>\n<td class=\"product__specifications_table_col\"><span class=\"product__specifications_table_text\" style=\"color: #000000;\">3840\u00d72160, 1\/1.8\u201d Progressive Scan CMOS<\/span><\/td>\n<\/tr>\n<tr class=\"product__specifications_table_row\">\n<td class=\"product__specifications_table_col\"><span class=\"product__specifications_table_text\" style=\"color: #000000;\">Optical Channel Magnification<\/span><\/td>\n<td class=\"product__specifications_table_col\"><span class=\"product__specifications_table_text\" style=\"color: #000000;\">5.5x \u2013 22x<\/span><\/td>\n<\/tr>\n<tr class=\"product__specifications_table_row\">\n<td class=\"product__specifications_table_col\"><span class=\"product__specifications_table_text\" style=\"color: #000000;\">Optical Channel Field of View<\/span><\/td>\n<td class=\"product__specifications_table_col\"><span class=\"product__specifications_table_text\" style=\"color: #000000;\">7.3\u00b0\u00d7 4.1\u00b0<\/span><\/td>\n<\/tr>\n<tr class=\"product__specifications_table_row\">\n<td class=\"product__specifications_table_col\"><span class=\"product__specifications_table_text\" style=\"color: #000000;\">Optical Module Lens System<\/span><\/td>\n<td class=\"product__specifications_table_col\"><span class=\"product__specifications_table_text\" style=\"color: #000000;\">60 mm, F2.2<\/span><\/td>\n<\/tr>\n<tr class=\"product__specifications_table_row\">\n<td class=\"product__specifications_table_col\"><span class=\"product__specifications_table_text\" style=\"color: #000000;\">Display Mode<\/span><\/td>\n<td class=\"product__specifications_table_col\"><span class=\"product__specifications_table_text\" style=\"color: #000000;\">Day, Night, Auto<\/span><\/td>\n<\/tr>\n<tr class=\"product__specifications_table_row\">\n<td class=\"product__specifications_table_col\"><span class=\"product__specifications_table_text\" style=\"color: #000000;\">Distance Measurement<\/span><\/td>\n<td class=\"product__specifications_table_col\"><span class=\"product__specifications_table_text\" style=\"color: #000000;\">Laser Rangefinder: up to 1,000 m, \u00b11 m accuracy<\/span><\/td>\n<\/tr>\n<tr class=\"product__specifications_table_row\">\n<td class=\"product__specifications_table_col\"><span class=\"product__specifications_table_text\" style=\"color: #000000;\">Laser Wavelength<\/span><\/td>\n<td class=\"product__specifications_table_col\"><span class=\"product__specifications_table_text\" style=\"color: #000000;\">905 nm<\/span><\/td>\n<\/tr>\n<tr class=\"product__specifications_table_row\">\n<td class=\"product__specifications_table_col\"><span class=\"product__specifications_table_text\" style=\"color: #000000;\">Laser Safety Class<\/span><\/td>\n<td class=\"product__specifications_table_col\"><span class=\"product__specifications_table_text\" style=\"color: #000000;\">Class 1<\/span><\/td>\n<\/tr>\n<tr class=\"product__specifications_table_row\">\n<td class=\"product__specifications_table_col\"><span class=\"product__specifications_table_text\" style=\"color: #000000;\">Infrared Light<\/span><\/td>\n<td class=\"product__specifications_table_col\"><span class=\"product__specifications_table_text\" style=\"color: #000000;\">Built-in 850nm Smart IR.Power and beam angle adjustment.<\/span><\/td>\n<\/tr>\n<tr class=\"product__specifications_table_row\">\n<td class=\"product__specifications_table_col\"><span class=\"product__specifications_table_text\" style=\"color: #000000;\">Viewing Range at Night<\/span><\/td>\n<td class=\"product__specifications_table_col\"><span class=\"product__specifications_table_text\" style=\"color: #000000;\">400 m<\/span><\/td>\n<\/tr>\n<tr class=\"product__specifications_table_row\">\n<td class=\"product__specifications_table_col\"><span class=\"product__specifications_table_text\" style=\"color: #000000;\">Wi-Fi Hotspot<\/span><\/td>\n<td class=\"product__specifications_table_col\"><span class=\"product__specifications_table_text\" style=\"color: #000000;\">Yes<\/span><\/td>\n<\/tr>\n<tr class=\"product__specifications_table_row\">\n<td class=\"product__specifications_table_col\"><span class=\"product__specifications_table_text\" style=\"color: #000000;\">Sleep Mode<\/span><\/td>\n<td class=\"product__specifications_table_col\"><span class=\"product__specifications_table_text\" style=\"color: #000000;\">Yes<\/span><\/td>\n<\/tr>\n<tr class=\"product__specifications_table_row\">\n<td class=\"product__specifications_table_col\"><span class=\"product__specifications_table_text\" style=\"color: #000000;\">Built-in Storage<\/span><\/td>\n<td class=\"product__specifications_table_col\"><span class=\"product__specifications_table_text\" style=\"color: #000000;\">64 GB EMMC<\/span><\/td>\n<\/tr>\n<tr class=\"product__specifications_table_row\">\n<td class=\"product__specifications_table_col\"><span class=\"product__specifications_table_text\" style=\"color: #000000;\">Video\/Audio Recording<\/span><\/td>\n<td class=\"product__specifications_table_col\"><span class=\"product__specifications_table_text\" style=\"color: #000000;\">Yes \/ Yes<\/span><\/td>\n<\/tr>\n<tr class=\"product__specifications_table_row\">\n<td class=\"product__specifications_table_col\"><span class=\"product__specifications_table_text\" style=\"color: #000000;\">Image Capture<\/span><\/td>\n<td class=\"product__specifications_table_col\"><span class=\"product__specifications_table_text\" style=\"color: #000000;\">Yes<\/span><\/td>\n<\/tr>\n<tr class=\"product__specifications_table_row\">\n<td class=\"product__specifications_table_col\"><span class=\"product__specifications_table_text\" style=\"color: #000000;\">Interpupillary Adjustment Range<\/span><\/td>\n<td class=\"product__specifications_table_col\"><span class=\"product__specifications_table_text\" style=\"color: #000000;\">60 mm to 74 mm<\/span><\/td>\n<\/tr>\n<tr class=\"product__specifications_table_row\">\n<td class=\"product__specifications_table_col\"><span class=\"product__specifications_table_text\" style=\"color: #000000;\">Battery Type<\/span><\/td>\n<td class=\"product__specifications_table_col\"><span class=\"product__specifications_table_text\" style=\"color: #000000;\">Two 18650 rechargeable battery (removable)<\/span><\/td>\n<\/tr>\n<tr class=\"product__specifications_table_row\">\n<td class=\"product__specifications_table_col\"><span class=\"product__specifications_table_text\" style=\"color: #000000;\">Battery Life<\/span><\/td>\n<td class=\"product__specifications_table_col\"><span class=\"product__specifications_table_text\" style=\"color: #000000;\">Up to 8 hours continuous running (@25\u00b0C, WiFi, IR and LRF off)<\/span><\/td>\n<\/tr>\n<tr class=\"product__specifications_table_row\">\n<td class=\"product__specifications_table_col\"><span class=\"product__specifications_table_text\" style=\"color: #000000;\">Power<\/span><\/td>\n<td class=\"product__specifications_table_col\"><span class=\"product__specifications_table_text\" style=\"color: #000000;\">5 VDC\/2 A, USB Type-C interface. Supports external power supply.<\/span><\/td>\n<\/tr>\n<tr class=\"product__specifications_table_row\">\n<td class=\"product__specifications_table_col\"><span class=\"product__specifications_table_text\" style=\"color: #000000;\">Working Temperature<\/span><\/td>\n<td class=\"product__specifications_table_col\"><span class=\"product__specifications_table_text\" style=\"color: #000000;\">-20\u00b0C to 55\u00b0C (-4\u00b0F to 131\u00b0F)<\/span><\/td>\n<\/tr>\n<tr class=\"product__specifications_table_row\">\n<td class=\"product__specifications_table_col\"><span class=\"product__specifications_table_text\" style=\"color: #000000;\">Protection Level<\/span><\/td>\n<td class=\"product__specifications_table_col\"><span class=\"product__specifications_table_text\" style=\"color: #000000;\">IP67 (Waterproof)<\/span><\/td>\n<\/tr>\n<tr class=\"product__specifications_table_row\">\n<td class=\"product__specifications_table_col\"><span class=\"product__specifications_table_text\" style=\"color: #000000;\">Dimensions<\/span><\/td>\n<td class=\"product__specifications_table_col\"><span class=\"product__specifications_table_text\" style=\"color: #000000;\">221\u00d7142\u00d771 mm (8.7\u00d75.6\u00d72.8 in)<\/span><\/td>\n<\/tr>\n<tr class=\"product__specifications_table_row\">\n<td class=\"product__specifications_table_col\"><span class=\"product__specifications_table_text\" style=\"color: #000000;\">Weight (w\/o batteries)<\/span><\/td>\n<td class=\"product__specifications_table_col\"><span class=\"product__specifications_table_text\" style=\"color: #000000;\">0.91 kg (2.01 Ib)<\/span><\/td>\n<\/tr>\n<\/tbody>\n<\/table>\n<\/div>\n<\/div>\n<div class=\"row\">\n<div class=\"col-12\"><\/div>\n<\/div>\n<\/div>\n<\/section>\n","protected":false},"excerpt":{"rendered":"<h4 class=\"product__title model notranslate\"><span style=\"color: #000000;\">THERMAL AND DIGITAL BINOCULAR<\/span><\/h4>\n<p><span style=\"color: #000000;\">The AGM ObservIR LRF Thermal &amp; Digital Day\/Night Vision binocular is some of the most technologically advanced and feature-packed optics in the world. The primary engine behind these binocular lies within the main thermal viewing channel, with its <strong>high-sensitivity 640&#215;512 12 micron NEDT &lt;<span class=\"product__specifications_table_text\">15 mK <\/span>detector<\/strong>.\u00a0<\/span><\/p>\n<h4><span class=\"product__details_subtitle\" style=\"color: #000000;\">Package Includes<\/span><\/h4>\n<ul>\n<li><span style=\"color: #000000;\">4x 18650 Rechargeable Battery<\/span><\/li>\n<li><span style=\"color: #000000;\">Battery Charger <\/span><\/li>\n<li><span style=\"color: #000000;\">USB Cable<\/span><\/li>\n<li><span style=\"color: #000000;\">Power Adapter<\/span><\/li>\n<li><span style=\"color: #000000;\">Tripod Adapter<\/span><\/li>\n<li><span style=\"color: #000000;\">Quick Start Guide<\/span><\/li>\n<li><span style=\"color: #000000;\">User Manual<\/span><\/li>\n<li><span style=\"color: #000000;\">Lens Cloth<\/span><\/li>\n<li><span style=\"color: #000000;\">Neck Strap<\/span><\/li>\n<\/ul>\n<p>&nbsp;<\/p>\n","protected":false},"featured_media":15229,"template":"","meta":[],"product_brand":[655],"product_cat":[371,500],"product_tag":[561,378,376,377,354,375,374],"class_list":{"0":"post-15212","1":"product","2":"type-product","3":"status-publish","4":"has-post-thumbnail","6":"product_brand-agm","7":"product_cat-lampokamerat","8":"product_cat-multi-function-thermal-binoculars","9":"product_tag-agm","10":"product_tag-lampokiikari","11":"product_tag-lampotahtain","12":"product_tag-monocular","13":"product_tag-scope","14":"product_tag-sight","15":"product_tag-thermal","16":"product_shipping_class-posti-m-paketti","18":"first","19":"instock","20":"taxable","21":"shipping-taxable","22":"purchasable","23":"product-type-simple","24":"customify-col","25":"product-has-gallery"},"_links":{"self":[{"href":"https:\/\/pautac.fi\/en\/wp-json\/wp\/v2\/product\/15212","targetHints":{"allow":["GET"]}}],"collection":[{"href":"https:\/\/pautac.fi\/en\/wp-json\/wp\/v2\/product"}],"about":[{"href":"https:\/\/pautac.fi\/en\/wp-json\/wp\/v2\/types\/product"}],"wp:featuredmedia":[{"embeddable":true,"href":"https:\/\/pautac.fi\/en\/wp-json\/wp\/v2\/media\/15229"}],"wp:attachment":[{"href":"https:\/\/pautac.fi\/en\/wp-json\/wp\/v2\/media?parent=15212"}],"wp:term":[{"taxonomy":"product_brand","embeddable":true,"href":"https:\/\/pautac.fi\/en\/wp-json\/wp\/v2\/product_brand?post=15212"},{"taxonomy":"product_cat","embeddable":true,"href":"https:\/\/pautac.fi\/en\/wp-json\/wp\/v2\/product_cat?post=15212"},{"taxonomy":"product_tag","embeddable":true,"href":"https:\/\/pautac.fi\/en\/wp-json\/wp\/v2\/product_tag?post=15212"}],"curies":[{"name":"wp","href":"https:\/\/api.w.org\/{rel}","templated":true}]}}