{"id":1545,"date":"2018-03-09T09:47:04","date_gmt":"2018-03-09T07:47:04","guid":{"rendered":"https:\/\/www.pautac.fi\/wp\/?post_type=product&#038;p=1545"},"modified":"2024-09-01T19:36:55","modified_gmt":"2024-09-01T16:36:55","slug":"pautac-basic","status":"publish","type":"product","link":"https:\/\/pautac.fi\/en\/product\/pautac-basic\/","title":{"rendered":"PAUTA Basic Sling"},"content":{"rendered":"<p><span style=\"color: #000000;\">PAUTAC Basic Sling is a multi-purpose sling that is used as a normal carrying strap, adjustable as a shooting strap and as a biathlon-style harness. The gun is also comfortable to carry thanks to the wide strap. The sling is available with QD or HK-hook, sling stud, but also without fasteners. <\/span><\/p>\n<ul>\n<li class=\"tw-data-text tw-text-large tw-ta\" dir=\"ltr\" data-placeholder=\"K\u00e4\u00e4nn\u00f6s\"><span style=\"color: #000000;\">Olive: 40 mm wide, IRR-protected PES webbing 1.2 mm. Made in Finland. <\/span><\/li>\n<li class=\"tw-data-text tw-text-large tw-ta\" dir=\"ltr\" data-placeholder=\"K\u00e4\u00e4nn\u00f6s\"><span style=\"color: #000000;\">FDE: 40 mm wide, IRR-protected PES webbing 1.2 mm. Made in Finland. <\/span><\/li>\n<li class=\"tw-data-text tw-text-large tw-ta\" dir=\"ltr\" data-placeholder=\"K\u00e4\u00e4nn\u00f6s\"><span style=\"color: #000000;\">Black: 40 mm wide, PES webbing, thickness 1.4 mm. Made in Finland.<\/span><\/li>\n<li class=\"tw-data-text tw-text-large tw-ta\" dir=\"ltr\" data-placeholder=\"K\u00e4\u00e4nn\u00f6s\"><span style=\"color: #000000;\">Fasteners and plastic parts made in the USA. <\/span><\/li>\n<\/ul>\n<p><span style=\"color: #000000;\">Sling full length is 300 cm. The fasteners are not sewn, so it is possible to shorten the strap. The materials are of high quality and the strap is ideal for carrying the heavier weapons like Sako TRG. <\/span><\/p>\n<h5><span style=\"color: #000000;\">Made in Finland.<\/span><\/h5>\n<hr \/>\n<p><span style=\"color: #000000;\">PAUTAC Basic\u00a0-hihna on monik\u00e4ytt\u00f6inen perushihna, jota voidaan k\u00e4ytt\u00e4\u00e4 normaalina kantohihnana, s\u00e4\u00e4dett\u00e4v\u00e4n\u00e4 ampumahihnana sek\u00e4 biathlon-tyylisen\u00e4 valjaana. Asetta on my\u00f6s miellytt\u00e4v\u00e4 kantaa leve\u00e4 hihnan ansiosta. Hihna on saatavana QD- tai HK-kiinnikeill\u00e4 sek\u00e4 tavallisella hihnalenkill\u00e4, mutta my\u00f6s ilman kiinnikkeit\u00e4.<\/span><\/p>\n<ul>\n<li><span style=\"color: #000000;\">Oliivi: 40 mm leve\u00e4, IRR-suojattu PES-remmi, paksuus 1.2 mm. Valmistettu Suomessa.<\/span><\/li>\n<li><span style=\"color: #000000;\">FDE: 40 mm leve\u00e4, IRR-suojattu PES-remmi, paksuus 1.2 mm. Valmistettu Suomessa.<\/span><\/li>\n<li><span style=\"color: #000000;\">Musta: 40 mm leve\u00e4, PES-remmi, paksuus 1.4 mm. Valmistettu Suomessa.<\/span><\/li>\n<li><span style=\"color: #000000;\">Kiinnikkeet ja muoviosat ovat valmistettu USA:ssa.<\/span><\/li>\n<\/ul>\n<p><span style=\"color: #000000;\">Hihnan kokonaispituus 300 cm. Kiinnikkeit\u00e4 ei ole ommeltu, joten hihnaa on mahdollista lyhent\u00e4. Materiaalit ovat laadukkaita ja hihna soveltuu erinomaisesti painavampien aseiden kuten TRG:n kantamiseen.<\/span><\/p>\n<h5><span style=\"color: #000000;\">Valmistettu Suomessa.<\/span><\/h5>\n","protected":false},"excerpt":{"rendered":"<div id=\"KnM9nf\">\n<p id=\"tw-smenu\" class=\"tw-menu\"><span style=\"color: #000000;\">PAUTAC shooting slings are multi-purpose carrying slings and designed to withstand heavy use. The slings are available in several different colors and the materials are of high quality and also suitable for MIL\/LE use.<\/span><\/p>\n<p><span style=\"color: #000000;\">PAUTAC -ampumahihnat ovat monik\u00e4ytt\u00f6isi\u00e4 kantohihnoja ja suunniteltu kest\u00e4m\u00e4\u00e4n kovaa k\u00e4ytt\u00f6\u00e4. Hihnoja on saatavana useassa eri v\u00e4riss\u00e4 ja materiaalit on laadukkaita ja soveltuvat my\u00f6s viranomaisk\u00e4ytt\u00f6\u00f6n<\/span><\/p>\n<\/div>\n","protected":false},"featured_media":1546,"template":"","meta":[],"product_brand":[],"product_cat":[95],"product_tag":[98,118,119,105],"class_list":{"0":"post-1545","1":"product","2":"type-product","3":"status-publish","4":"has-post-thumbnail","6":"product_cat-asehihnat-ja-kiinnikkeet","7":"product_tag-asetarvike","8":"product_tag-hihna","9":"product_tag-sling","10":"product_tag-slings","11":"product_shipping_class-posti-s-paketti","13":"first","14":"instock","15":"taxable","16":"shipping-taxable","17":"purchasable","18":"product-type-simple","19":"customify-col","20":"product-has-gallery"},"_links":{"self":[{"href":"https:\/\/pautac.fi\/en\/wp-json\/wp\/v2\/product\/1545","targetHints":{"allow":["GET"]}}],"collection":[{"href":"https:\/\/pautac.fi\/en\/wp-json\/wp\/v2\/product"}],"about":[{"href":"https:\/\/pautac.fi\/en\/wp-json\/wp\/v2\/types\/product"}],"wp:featuredmedia":[{"embeddable":true,"href":"https:\/\/pautac.fi\/en\/wp-json\/wp\/v2\/media\/1546"}],"wp:attachment":[{"href":"https:\/\/pautac.fi\/en\/wp-json\/wp\/v2\/media?parent=1545"}],"wp:term":[{"taxonomy":"product_brand","embeddable":true,"href":"https:\/\/pautac.fi\/en\/wp-json\/wp\/v2\/product_brand?post=1545"},{"taxonomy":"product_cat","embeddable":true,"href":"https:\/\/pautac.fi\/en\/wp-json\/wp\/v2\/product_cat?post=1545"},{"taxonomy":"product_tag","embeddable":true,"href":"https:\/\/pautac.fi\/en\/wp-json\/wp\/v2\/product_tag?post=1545"}],"curies":[{"name":"wp","href":"https:\/\/api.w.org\/{rel}","templated":true}]}}